{"id":21,"date":"2013-01-28T18:31:32","date_gmt":"2013-01-28T16:31:32","guid":{"rendered":"http:\/\/www.competitiondata.eu\/?page_id=21"},"modified":"2014-10-30T19:55:53","modified_gmt":"2014-10-30T17:55:53","slug":"kontakt","status":"publish","type":"page","link":"https:\/\/www.competitiondata.eu\/?page_id=21","title":{"rendered":"Contact"},"content":{"rendered":"<p><strong>ZOOM<\/strong> visual project gmbh<br \/>\nWeyringergasse 36\/3<br \/>\nA-1040 Vienna Austria<\/p>\n<p><strong>T<\/strong> +43 -1-503 53 48 -0<br \/>\n<strong>F<\/strong> +43 -1-503 53 48 -15<br \/>\n<strong>E<\/strong> <a href=\"mailto:office@zoomvp.at\">office@zoomvp.at<\/a><\/p>\n<p>UID: ATU62781056<br \/>\nFn 281295w<br \/>\nHandelsgericht Wien<\/p>\n<p>Bankverbindung Raiffeisenbank Loosdorf<br \/>\nIBAN: AT39 3247 7000 0101 2004<br \/>\nSWIFT\/BIC: RLNW ATW1 477<\/p>\n<p>&nbsp;<\/p>\n<h1>Imprint<\/h1>\n<p><strong>Offenlegung \u00a7 25 MedienG Medieninhaber und Herausgeber:<\/strong><\/p>\n<p><strong>ZOOM<\/strong> visual project gmbh<br \/>\nWeyringergasse 36\/3<br \/>\nA-1040 Vienna Austria<\/p>\n<p><strong>Programmierung Webseite:<\/strong> <a title=\"ZOOMVP\" href=\"http:\/\/www.zoomvp.at\">ZOOMVP<\/a><\/p>\n<p><strong>Haftung:<\/strong> Sollten gesetzliche Haftungsgrundlagen gegen die ZOOM visual projects gmbh oder ein Partnerunternehmen bestehen, so bleiben diese auf das gesetzliche Mindestma\u00df beschr\u00e4nkt. Jeder User anerkennt die Benutzung der Seite auf sein eigenes Risiko.<\/p>\n<p><strong>Copyright:<\/strong> S\u00e4mtliche Texte, Grafiken und Bilder sind urheberrechtlich gesch\u00fctzt; eine Verwendung ist nur mit ausdr\u00fccklicher Genehmigung des Erstellers zul\u00e4ssig.<\/p>\n<p><strong>Links:<\/strong> Links auf diese Website \u2013 auch auf Seiten in der Tiefe \u2013 sind erw\u00fcnscht. Eine \u00dcbernahme des Hauptfensters in ein Frame-Set des Linksetzers ist unzul\u00e4ssig. Eigene Links auf fremde Seiten stellen nur Wegweiser zu diesen Seiten dar; sie werden deshalb regelm\u00e4\u00dfig mittels externem Link in einem eigenen Browserfenster dargestellt. Der Herausgeber identifiziert sich nicht mit dem Inhalt der Seiten, auf die gelinkt wird und \u00fcbernimmt daf\u00fcr keine Haftung. Sollte eine der Seiten, auf die gelinkt wird, bedenkliche oder rechtswidrige Inhalte aufweisen, wird um Mitteilung ersucht; in einem solchen Falle wird der Link sofort gel\u00f6scht.<\/p>\n<p><strong>Google Analytics:<\/strong> Diese Website benutzt Google Analytics, einen Webanalysedienst der Google Inc. (\u201eGoogle\u201c) Google Analytics verwendet sog. \u201eCookies\u201c, Textdateien, die auf Ihrem Computer gespeichert werden und die eine Analyse der Benutzung der Website durch Sie erm\u00f6glicht. Die durch den Cookie erzeugten Informationen \u00fcber Ihre Benutzung diese Website (einschlie\u00dflich Ihrer IP-Adresse) wird an einen Server von Google in den USA \u00fcbertragen und dort gespeichert. Google wird diese Informationen benutzen, um Ihre Nutzung der Website auszuwerten, um Reports \u00fcber die Websiteaktivit\u00e4ten f\u00fcr die Websitebetreiber zusammenzustellen und um weitere mit der Websitenutzung und der Internetnutzung verbundene Dienstleistungen zu erbringen. Auch wird Google diese Informationen gegebenenfalls an Dritte \u00fcbertragen, sofern dies gesetzlich vorgeschrieben oder soweit Dritte diese Daten im Auftrag von Google verarbeiten. Google wird in keinem Fall Ihre IP-Adresse mit anderen Daten der Google in Verbindung bringen. Sie k\u00f6nnen die Installation der Cookies durch eine entsprechende Einstellung Ihrer Browser Software verhindern; wir weisen Sie jedoch darauf hin, dass Sie in diesem Fall gegebenenfalls nicht s\u00e4mtliche Funktionen dieser Website voll umf\u00e4nglich nutzen k\u00f6nnen. Durch die Nutzung dieser Website erkl\u00e4ren Sie sich mit der Bearbeitung der \u00fcber Sie erhobenen Daten durch Google in der zuvor beschriebenen Art und Weise und zu dem zuvor benannten Zweck einverstanden.\u201c Weitere Details lesen Sie bitte in den Google Analytics Bedingungen.<\/p>\n","protected":false},"excerpt":{"rendered":"<p>ZOOM visual project gmbh Weyringergasse 36\/3 A-1040 Vienna Austria T +43 -1-503 53 48 -0 F +43 -1-503 53 48 -15 E office@zoomvp.at UID: ATU62781056 Fn 281295w Handelsgericht Wien Bankverbindung Raiffeisenbank Loosdorf IBAN: AT39 3247 7000 0101 2004 SWIFT\/BIC: RLNW ATW1 477 &nbsp; Imprint Offenlegung \u00a7 25 MedienG Medieninhaber und Herausgeber: ZOOM visual project gmbh [&hellip;]<\/p>\n","protected":false},"author":1,"featured_media":0,"parent":0,"menu_order":0,"comment_status":"closed","ping_status":"closed","template":"page-full-width.php","meta":{"_acf_changed":false,"footnotes":""},"class_list":["post-21","page","type-page","status-publish","hentry"],"acf":[],"_links":{"self":[{"href":"https:\/\/www.competitiondata.eu\/index.php?rest_route=\/wp\/v2\/pages\/21","targetHints":{"allow":["GET"]}}],"collection":[{"href":"https:\/\/www.competitiondata.eu\/index.php?rest_route=\/wp\/v2\/pages"}],"about":[{"href":"https:\/\/www.competitiondata.eu\/index.php?rest_route=\/wp\/v2\/types\/page"}],"author":[{"embeddable":true,"href":"https:\/\/www.competitiondata.eu\/index.php?rest_route=\/wp\/v2\/users\/1"}],"replies":[{"embeddable":true,"href":"https:\/\/www.competitiondata.eu\/index.php?rest_route=%2Fwp%2Fv2%2Fcomments&post=21"}],"version-history":[{"count":9,"href":"https:\/\/www.competitiondata.eu\/index.php?rest_route=\/wp\/v2\/pages\/21\/revisions"}],"predecessor-version":[{"id":210,"href":"https:\/\/www.competitiondata.eu\/index.php?rest_route=\/wp\/v2\/pages\/21\/revisions\/210"}],"wp:attachment":[{"href":"https:\/\/www.competitiondata.eu\/index.php?rest_route=%2Fwp%2Fv2%2Fmedia&parent=21"}],"curies":[{"name":"wp","href":"https:\/\/api.w.org\/{rel}","templated":true}]}}